{"id":664,"date":"2023-06-28T11:24:42","date_gmt":"2023-06-28T09:24:42","guid":{"rendered":"https:\/\/notariat-wolhauser.ch\/?page_id=664"},"modified":"2025-09-01T10:29:35","modified_gmt":"2025-09-01T08:29:35","slug":"protection-des-donnees","status":"publish","type":"page","link":"https:\/\/notariat-wolhauser.ch\/fr\/datenschutz\/","title":{"rendered":"Protection des donn\u00e9es"},"content":{"rendered":"<div data-elementor-type=\"wp-page\" data-elementor-id=\"664\" class=\"elementor elementor-664\" data-elementor-post-type=\"page\">\n\t\t\t\t\t\t<section class=\"elementor-section elementor-top-section elementor-element elementor-element-24e45dd elementor-section-content-middle elementor-section-boxed elementor-section-height-default elementor-section-height-default\" data-id=\"24e45dd\" data-element_type=\"section\" data-e-type=\"section\" data-settings=\"{&quot;background_background&quot;:&quot;classic&quot;}\">\n\t\t\t\t\t\t<div class=\"elementor-container elementor-column-gap-default\">\n\t\t\t\t\t<div class=\"elementor-column elementor-col-100 elementor-top-column elementor-element elementor-element-4fce6b8\" data-id=\"4fce6b8\" data-element_type=\"column\" data-e-type=\"column\">\n\t\t\t<div class=\"elementor-widget-wrap elementor-element-populated\">\n\t\t\t\t\t\t<div class=\"elementor-element elementor-element-7827d3d elementor-widget elementor-widget-heading\" data-id=\"7827d3d\" data-element_type=\"widget\" data-e-type=\"widget\" data-widget_type=\"heading.default\">\n\t\t\t\t<div class=\"elementor-widget-container\">\n\t\t\t\t\t<h2 class=\"elementor-heading-title elementor-size-default\">Protection des donn\u00e9es<\/h2>\t\t\t\t<\/div>\n\t\t\t\t<\/div>\n\t\t\t\t<div class=\"elementor-element elementor-element-2f6c9f4 elementor-widget elementor-widget-text-editor\" data-id=\"2f6c9f4\" data-element_type=\"widget\" data-e-type=\"widget\" data-widget_type=\"text-editor.default\">\n\t\t\t\t<div class=\"elementor-widget-container\">\n\t\t\t\t\t\t\t\t\t<h2><strong>Aper\u00e7u<\/strong><\/h2><p>Les informations suivantes ont pour but de vous montrer quelles donn\u00e9es nous traitons sur notre site web et quels sont vos droits dans ce contexte. La protection de vos donn\u00e9es personnelles nous tient \u00e0 c\u0153ur et nous ne traitons vos donn\u00e9es que conform\u00e9ment aux dispositions l\u00e9gales.<\/p><h2><strong>Contact<\/strong><\/h2><p>Responsable du traitement des donn\u00e9es sur notre site web :<\/p><p>\u00c9tude de notaire Wolhauser<br \/>Place de Notre Dame 4<br \/>1700 Fribourg<\/p><h2><strong>Donn\u00e9es de traitement<\/strong><\/h2><p>Lorsque vous utilisez notre site web, les donn\u00e9es suivantes sont trait\u00e9es. Vous trouverez \u00e0 chaque fois la finalit\u00e9 et la base juridique du traitement et pourrez lire combien de temps les donn\u00e9es sont conserv\u00e9es.<\/p><h3><strong>Mise \u00e0 disposition du site web et cr\u00e9ation de fichiers journaux<\/strong><\/h3><p>Lorsque vous visitez notre site web, le fournisseur des pages collecte et enregistre automatiquement des informations dans ce que l'on appelle des fichiers journaux du serveur, que votre navigateur nous transmet. Il s'agit de :<\/p><ul><li>Type et version du navigateur<\/li><li>le syst\u00e8me d'exploitation utilis\u00e9<\/li><li>Le fournisseur d'acc\u00e8s \u00e0 Internet de l'utilisateur<\/li><li>nom d'h\u00f4te de l'ordinateur qui acc\u00e8de au site web<\/li><li>la date et l'heure de la demande du serveur<\/li><li>L'adresse IP de l'utilisateur<\/li><\/ul><p>Nous ne pouvons pas attribuer ces donn\u00e9es \u00e0 des personnes pr\u00e9cises et nous ne proc\u00e9dons pas \u00e0 un regroupement de ces donn\u00e9es avec d'autres sources de donn\u00e9es. Le stockage des fichiers journaux est effectu\u00e9 afin de garantir le bon fonctionnement du site web et d'assurer la s\u00e9curit\u00e9 de nos syst\u00e8mes informatiques. Par cons\u00e9quent, le traitement de ces donn\u00e9es repose sur la base juridique des int\u00e9r\u00eats l\u00e9gitimes du responsable du traitement. Les donn\u00e9es ne sont conserv\u00e9es que pendant la dur\u00e9e n\u00e9cessaire \u00e0 la r\u00e9alisation de la finalit\u00e9 pour laquelle elles ont \u00e9t\u00e9 collect\u00e9es. En cons\u00e9quence, les donn\u00e9es sont supprim\u00e9es \u00e0 la fin de chaque session. L'enregistrement des fichiers journaux est absolument n\u00e9cessaire au fonctionnement du site web, vous n'avez donc aucun moyen de vous y opposer.<\/p><h3><strong>Utilisation des cookies<\/strong><\/h3><p>Notre site web utilise des cookies. Les cookies sont des fichiers texte qui sont plac\u00e9s sur le syst\u00e8me d'exploitation de votre appareil \u00e0 l'aide de votre navigateur lorsque vous visitez notre site web. Nous utilisons des cookies pour rendre notre site web plus convivial. L'enregistrement de cookies sur votre appareil nous permet de reconna\u00eetre votre navigateur lorsque vous consultez \u00e0 nouveau le site. Cela nous permet d'enregistrer certains param\u00e8tres (tels que l'identifiant de session, le contenu du panier dans le cas d'une boutique, Remember Me \/ Autologin si une fonction de connexion est disponible, le code postal \/ la ville dans le cas d'une recherche de boutique) afin que vous n'ayez pas \u00e0 les saisir \u00e0 nouveau lorsque vous revenez sur le site. L'utilisation de cookies et le traitement de vos donn\u00e9es dans ce contexte reposent sur la base juridique de nos int\u00e9r\u00eats l\u00e9gitimes \u00e0 concevoir un site web convivial. Les cookies sont stock\u00e9s sur votre ordinateur. Vous avez donc un contr\u00f4le total sur l'utilisation des cookies. Vous pouvez les supprimer compl\u00e8tement ou d\u00e9sactiver ou limiter leur transmission en modifiant les param\u00e8tres de votre navigateur Internet. Si vous d\u00e9sactivez les cookies pour notre site web, il se peut que vous ne puissiez plus utiliser toutes les fonctions du site.<\/p><h3><strong>CookieYes<\/strong><\/h3><p>Notre site web utilise une technologie de consentement pour obtenir votre consentement \u00e0 l'enregistrement de certains cookies sur votre terminal ou \u00e0 l'utilisation de certaines technologies et pour documenter ce consentement de mani\u00e8re conforme \u00e0 la protection des donn\u00e9es. Le fournisseur de cette technologie est : CookieYes Limited, 3 Warren Yard Warren Park, Wolverton Mill, Milton Keynes, MK12 5NW, United Kingdom. E-mail :\u00a0<a href=\"mailto:support@cookieyes.com\">support@cookieyes.com<\/a>.<\/p><p>Lorsque vous acc\u00e9dez \u00e0 notre site web, une connexion est \u00e9tablie avec les serveurs de ConsentManager afin d'obtenir vos consentements et autres d\u00e9clarations concernant l'utilisation de cookies. ConsentManager enregistre alors un cookie dans votre navigateur afin de pouvoir vous attribuer les consentements donn\u00e9s ou leur r\u00e9vocation. Les donn\u00e9es ainsi collect\u00e9es sont conserv\u00e9es jusqu'\u00e0 ce que vous nous demandiez de les supprimer, jusqu'\u00e0 ce que vous supprimiez vous-m\u00eame le cookie du fournisseur Consent-Manager ou jusqu'\u00e0 ce que le but de la conservation des donn\u00e9es soit supprim\u00e9. Les obligations l\u00e9gales de conservation ne sont pas affect\u00e9es.<\/p><p>L'utilisation de cet outil de consentement est faite pour obtenir les consentements requis par la loi pour l'utilisation de cookies.<\/p><h3><strong>RankMath<\/strong><\/h3><p>Rank Math est un plug-in d'optimisation pour les moteurs de recherche pour WordPress qui permet \u00e0 chacun d'optimiser facilement son contenu \u00e0 l'aide de suggestions int\u00e9gr\u00e9es bas\u00e9es sur les meilleures pratiques largement reconnues. D\u00e9claration de confidentialit\u00e9 : https :\u00a0<a href=\"https:\/\/rankmath.com\/privacy-policy\/\" target=\"_blank\" rel=\"noreferrer noopener nofollow\">\/\/rankmath.com\/privacy-policy\/<\/a><\/p><h3><strong>WP Rocket<\/strong><\/h3><p>WP Rocket est un plug-in pour WordPress qui permet d'augmenter la vitesse de chargement des pages web et d'am\u00e9liorer les performances. Cela fonctionne principalement gr\u00e2ce au fait que WP Rocket charge le contenu de la page web directement dans le cache.<\/p><p>La mani\u00e8re dont WP Rocket collecte et traite les donn\u00e9es des utilisateurs peut \u00eatre consult\u00e9e au point 17 des conditions g\u00e9n\u00e9rales :\u00a0<a href=\"https:\/\/wp-rocket.me\/terms\/\" target=\"_blank\" rel=\"noreferrer noopener nofollow\">https:\/\/wp-rocket.me\/terms\/<\/a>.<\/p><h3><strong>WP Forms<\/strong><\/h3><p>Ce site utilise le plugin Contact Form by WPForms. Le fournisseur est WPForms LLC, WPForms 7732 Maywood Crest Dr, West Palm Beach, FL 33412. Le plug-in propose une extension GSVO dans la version utilis\u00e9e. L'option activ\u00e9e d\u00e9sactive tous les cookies utilisateur et emp\u00eache l'enregistrement de l'adresse IP. Les donn\u00e9es de formulaire saisies sont envoy\u00e9es par e-mail de mani\u00e8re crypt\u00e9e, enregistr\u00e9es sur un serveur de messagerie et stock\u00e9es dans WordPress et la base de donn\u00e9es correspondante. Vous pouvez lire une description d\u00e9taill\u00e9e des mesures mises en \u0153uvre par le RGPD dans l'article suivant.\u00a0<a href=\"https:\/\/wpforms.com\/introducing-new-gdpr-enhancements-for-your-wordpress-forms\/\" target=\"_blank\" rel=\"noreferrer noopener nofollow\">https:\/\/wpforms.com\/introducing-new-gdpr-enhancements-for-your-wordpress-forms\/<\/a><\/p><h3><strong>Wordfence<\/strong><\/h3><p>Ce site utilise le plug-in de s\u00e9curit\u00e9 Wordfence pour le prot\u00e9ger contre les attaques de pirates, etc. Le fournisseur est DEFIANT, 800 5th Ave Ste 4100, Seattle, WA 98104.<\/p><p>Wordfence utilise actuellement trois cookies et nous expliquons ci-dessous ce que fait chaque cookie, qui l'a install\u00e9 et pourquoi le cookie contribue \u00e0 la protection du site web.<\/p><p><strong>wfwaf-authcookie- (hash)<\/strong>Ce cookie est utilis\u00e9 par le pare-feu Wordfence pour effectuer une v\u00e9rification des capacit\u00e9s de l'utilisateur actuel avant le chargement de WordPress. Qui re\u00e7oit ce cookie : Ce cookie n'est d\u00e9fini que pour les utilisateurs qui peuvent se connecter \u00e0 WordPress. Comment ce cookie aide : \u00e0 l'aide de ce cookie, le pare-feu Wordfence reconna\u00eet les utilisateurs connect\u00e9s et leur permet un acc\u00e8s \u00e9tendu. Wordfence peut \u00e9galement reconna\u00eetre les utilisateurs non connect\u00e9s et limiter leur acc\u00e8s \u00e0 des zones s\u00e9curis\u00e9es. Le cookie informe le pare-feu du niveau d'acc\u00e8s d'un visiteur afin d'aider le pare-feu \u00e0 prendre des d\u00e9cisions judicieuses sur les personnes autoris\u00e9es et celles qui doivent \u00eatre bloqu\u00e9es.<\/p><p><strong>wf_loginalerted_ (hash)<\/strong>Ce cookie est utilis\u00e9 pour avertir l'administrateur de Wordfence lorsqu'un administrateur se connecte \u00e0 partir d'un nouvel appareil ou d'un nouvel emplacement. Qui re\u00e7oit ce cookie : Ce cookie n'est d\u00e9fini que pour les administrateurs. Comment ce cookie aide : ce cookie aide les exploitants de sites Web \u00e0 savoir si un administrateur s'est connect\u00e9 \u00e0 partir d'un nouvel appareil ou d'un nouvel emplacement.<\/p><p><strong>wfCBLBypass<\/strong>: Wordfence offre \u00e0 un visiteur de site web la possibilit\u00e9 de contourner le blocage par pays en acc\u00e9dant \u00e0 une URL cach\u00e9e. Ce cookie indique qui est autoris\u00e9 \u00e0 contourner le blocage g\u00e9ographique. Qui re\u00e7oit ce cookie : lorsqu'une URL cach\u00e9e d\u00e9finie par l'administrateur du site est consult\u00e9e, ce cookie permet de v\u00e9rifier si l'utilisateur peut acc\u00e9der au site \u00e0 partir d'un pays restreint par le blocage g\u00e9ographique. Il est d\u00e9fini pour toute personne qui conna\u00eet l'URL permettant de contourner le blocage par d\u00e9faut du pays. Ce cookie n'est pas d\u00e9fini pour quelqu'un qui ne conna\u00eet pas l'URL cach\u00e9e permettant de contourner le blocage par pays. Comment ce cookie aide : ce cookie permet aux propri\u00e9taires de sites web d'autoriser certains utilisateurs \u00e0 visiter des pays bloqu\u00e9s, m\u00eame si leur pays a \u00e9t\u00e9 bloqu\u00e9.<\/p><p>Pour plus d'informations sur le traitement des donn\u00e9es des utilisateurs, veuillez consulter la d\u00e9claration de confidentialit\u00e9 de DEFIANT : https :\u00a0<a href=\"https:\/\/www.wordfence.com\/privacy-policy\/\" target=\"_blank\" rel=\"noopener nofollow\">\/\/www.wordfence.com\/privacy-policy\/<\/a><\/p><h3><strong>Prise de contact<\/strong><\/h3><p>Lorsque vous remplissez notre formulaire de contact pour les clients existants ou potentiels, vos donn\u00e9es sont enregistr\u00e9es afin que nous puissions vous donner l'autorisation d'acc\u00e9der \u00e0 notre plateforme interne, o\u00f9 vous trouverez des listes de prix, un syst\u00e8me de d\u00e9monstration et des r\u00e9ponses \u00e0 des questions techniques plus pr\u00e9cises. Les donn\u00e9es suivantes sont (*obligatoires) n\u00e9cessaires. Les autres donn\u00e9es sont facultatives :<\/p><ul><li>Pr\u00e9nom*.<\/li><li>Nom de famille*.<\/li><li>T\u00e9l\u00e9phone<\/li><li>Adresse \u00e9lectronique*.<\/li><\/ul><p>\u00a0<\/p><p>Les donn\u00e9es obligatoires sont n\u00e9cessaires pour pouvoir traiter vos demandes. Afin de pouvoir vous fournir des informations encore plus cibl\u00e9es, nous collectons et traitons en outre les donn\u00e9es fournies volontairement.<\/p><p>Les donn\u00e9es personnelles que vous nous transmettez ne sont pas associ\u00e9es \u00e0 d'autres donn\u00e9es.<\/p><p>La base juridique du traitement de vos donn\u00e9es \u00e0 caract\u00e8re personnel est notre int\u00e9r\u00eat l\u00e9gitime \u00e0 fournir ce service. Si la prise de contact sert \u00e0 l'ex\u00e9cution d'un contrat auquel vous \u00eates partie ou \u00e0 l'ex\u00e9cution de mesures pr\u00e9contractuelles, il s'agit d'une autre base juridique pour le traitement de vos donn\u00e9es \u00e0 caract\u00e8re personnel.<\/p><h3><strong>Google Analytics<\/strong><\/h3><p>Nous utilisons \"Google Analytics\", un service d'analyse web fourni par Google Ireland Limited (Gordon House, Barrow Street, Dublin 4, Irlande ; \"Google\"). Google Analytics utilise les cookies pr\u00e9sent\u00e9s dans notre politique en mati\u00e8re de cookies, qui permettent d'analyser l'utilisation de nos sites web et de nos services en ligne. Les informations obtenues, y compris les informations sur les pannes, l'activit\u00e9 du syst\u00e8me, la configuration du mat\u00e9riel, le type de navigateur, la version, la langue, les modules compl\u00e9mentaires install\u00e9s, la r\u00e9solution de l'\u00e9cran, le type d'appareil, la date et l'heure de votre demande et l'URL de r\u00e9f\u00e9rence, concernant votre utilisation de nos sites Web et de nos services en ligne sont transmises en notre nom \u00e0 un serveur de Google aux \u00c9tats-Unis et y sont stock\u00e9es pour une dur\u00e9e ind\u00e9termin\u00e9e. Nous utilisons Google Analytics uniquement avec l'extension pour l'anonymisation IP \"_anonymizeIp()\". Cela signifie que les adresses IP transmises \u00e0 Google sont pr\u00e9alablement abr\u00e9g\u00e9es et trait\u00e9es par Google sur des serveurs situ\u00e9s dans l'UE afin d'exclure toute r\u00e9f\u00e9rence directe \u00e0 une personne via son adresse IP aux \u00c9tats-Unis. Ce n'est que dans des cas exceptionnels que l'adresse IP compl\u00e8te est envoy\u00e9e \u00e0 un serveur de Google aux \u00c9tats-Unis, o\u00f9 elle est uniquement abr\u00e9g\u00e9e.<\/p><p>Nous utilisons ces informations pour analyser les visites sur notre site web afin de pouvoir \u00e9tablir des rapports sur l'activit\u00e9 des pages web, de mieux comprendre comment nos pages sont utilis\u00e9es et de voir \u00e0 quel endroit nous pouvons les am\u00e9liorer (art. 6, par. 1, b), f) du RGPD). Dans ce cas, des profils d'utilisation pseudonymis\u00e9s peuvent \u00eatre cr\u00e9\u00e9s \u00e0 partir des donn\u00e9es trait\u00e9es. Google peut \u00e9galement transmettre ces informations \u00e0 des tiers si la loi l'exige ou si des tiers traitent ces donn\u00e9es pour le compte de Google. Google n'associera jamais votre adresse IP \u00e0 d'autres donn\u00e9es Google.<\/p><p>Pour plus d'informations sur l'utilisation des donn\u00e9es par Google \u00e0 des fins publicitaires et sur les possibilit\u00e9s de param\u00e9trage et d'opposition, veuillez consulter les sites web suivants de Google : \"Utilisation de vos donn\u00e9es par Google lorsque vous utilisez nos sites web ou applications partenaires\", \"Utilisation des donn\u00e9es \u00e0 des fins publicitaires\", \"Gestion des informations utilis\u00e9es par Google pour vous montrer des publicit\u00e9s\" et \"D\u00e9termination des annonces que Google vous montre\".<\/p><p>Vous disposez d'un droit d'opposition et pouvez emp\u00eacher l'installation et l'enregistrement des cookies de Google Analytics en effectuant les r\u00e9glages correspondants dans votre navigateur. Vous trouverez des d\u00e9tails \u00e0 ce sujet dans l'onglet d'aide de votre navigateur. Vous pouvez \u00e9galement emp\u00eacher la saisie des donn\u00e9es g\u00e9n\u00e9r\u00e9es par les cookies et relatives \u00e0 l'utilisation du portail en ligne ainsi que le traitement de ces donn\u00e9es par Google. Pour ce faire, vous devez t\u00e9l\u00e9charger et installer le plug-in de navigateur mis \u00e0 disposition par Google, que vous trouverez sous le lien suivant\u00a0<a href=\"https:\/\/tools.google.com\/dlpage\/gaoptout?hl=fr\" target=\"_blank\" rel=\"noreferrer noopener nofollow\">https:\/\/tools.google.com\/dlpage\/gaoptout?hl=fr<\/a>\u00a0trouver.<\/p><p>Un cookie d'opt-out est install\u00e9, qui emp\u00eache la collecte future de vos donn\u00e9es lors de la visite de notre site web. La collecte et l'enregistrement des donn\u00e9es pour Google Analytics peuvent \u00eatre r\u00e9voqu\u00e9s \u00e0 tout moment avec effet futur \u00e0 l'aide de ce module compl\u00e9mentaire de navigateur.<\/p><h2><strong>Vos droits<\/strong><\/h2><p>Vous trouverez ci-dessous une liste de vos droits en ce qui concerne les donn\u00e9es que vous traitez.<\/p><h3><strong>Droit d'acc\u00e8s<\/strong><\/h3><p>Vous pouvez demander la confirmation que des donn\u00e9es \u00e0 caract\u00e8re personnel vous concernant sont ou non trait\u00e9es par l'\u00e9tude de notaire Wolhauser. Si c'est le cas, vous pouvez demander des informations concr\u00e8tes sur ce traitement.<\/p><h3><strong>Droit de rectification<\/strong><\/h3><p>Vous pouvez exiger que les donn\u00e9es \u00e0 caract\u00e8re personnel vous concernant soient rectifi\u00e9es et\/ou compl\u00e9t\u00e9es si elles sont inexactes ou incompl\u00e8tes.<\/p><h3><strong>Droit \u00e0 l'effacement<\/strong><\/h3><p>Vous pouvez demander l'effacement des donn\u00e9es \u00e0 caract\u00e8re personnel vous concernant. Les donn\u00e9es seront effac\u00e9es lorsque les conditions correspondantes seront remplies.<\/p><p>Le droit \u00e0 l'effacement ne peut \u00eatre accord\u00e9 dans la mesure o\u00f9 le traitement est n\u00e9cessaire \u00e0 l'exercice du droit \u00e0 la libert\u00e9 d'expression, au respect d'une obligation l\u00e9gale ou \u00e0 l'ex\u00e9cution d'une mission d'int\u00e9r\u00eat public ou \u00e0 la constatation, l'exercice ou la d\u00e9fense de droits en justice.<\/p><h3><strong>Droit \u00e0 la limitation du traitement<\/strong><\/h3><p>Vous pouvez demander la limitation du traitement de vos donn\u00e9es personnelles si vous contestez l'exactitude des donn\u00e9es, si le traitement est ill\u00e9gal, si les donn\u00e9es ne sont plus n\u00e9cessaires ou si vous vous y opposez.<\/p><p>Si le traitement des donn\u00e9es est limit\u00e9, les donn\u00e9es ne peuvent \u00eatre que stock\u00e9es. Un traitement plus pouss\u00e9 ne peut \u00eatre effectu\u00e9 qu'avec votre consentement, pour la constatation, l'exercice ou la d\u00e9fense de droits en justice, pour la protection des droits d'une autre personne ou pour des raisons d'int\u00e9r\u00eat public important.<\/p><p>En cas de lev\u00e9e de la restriction, vous en serez inform\u00e9.<\/p><h3><strong>Droit d'opposition<\/strong><\/h3><p>Vous pouvez vous opposer au traitement de vos donn\u00e9es lorsque celui-ci repose sur la base juridique de l'ex\u00e9cution d'une mission publique ou d'int\u00e9r\u00eats l\u00e9gitimes et que vous vous trouvez dans une situation particuli\u00e8re. De m\u00eame, vous pouvez vous opposer au traitement des donn\u00e9es lorsqu'il est effectu\u00e9 \u00e0 des fins de publicit\u00e9 directe. Dans ce cas, les donn\u00e9es correspondantes ne seront plus utilis\u00e9es \u00e0 cette fin.<\/p><h3><strong>Droit \u00e0 la portabilit\u00e9 des donn\u00e9es<\/strong><\/h3><p>Vous avez le droit de recevoir les donn\u00e9es \u00e0 caract\u00e8re personnel vous concernant, fond\u00e9es sur le consentement, sur un contrat ou sur un traitement effectu\u00e9 \u00e0 l'aide de proc\u00e9d\u00e9s automatis\u00e9s, dans un format structur\u00e9, couramment utilis\u00e9 et lisible par machine, et de transmettre ces donn\u00e9es \u00e0 un tiers. Si cela est techniquement possible, vous pouvez demander une transmission directe. Cela ne doit pas porter atteinte aux droits et libert\u00e9s d'autres personnes. Vous pouvez \u00e9galement demander que les donn\u00e9es \u00e0 caract\u00e8re personnel vous concernant qui sont inexactes soient rectifi\u00e9es.<\/p><h3><strong>Droit de r\u00e9voquer la d\u00e9claration de consentement en mati\u00e8re de protection des donn\u00e9es<\/strong><\/h3><p>Vous pouvez r\u00e9voquer \u00e0 tout moment votre consentement au traitement des donn\u00e9es \u00e0 caract\u00e8re personnel vous concernant. Le traitement licite jusqu'au moment de la r\u00e9vocation n'est pas affect\u00e9 par cette derni\u00e8re.<\/p>\t\t\t\t\t\t\t\t<\/div>\n\t\t\t\t<\/div>\n\t\t\t\t\t<\/div>\n\t\t<\/div>\n\t\t\t\t\t<\/div>\n\t\t<\/section>\n\t\t\t\t<\/div>","protected":false},"excerpt":{"rendered":"<p>Datenschutz \u00dcbersicht Die folgenden Informationen sollen Ihnen zeigen, welche Daten wir auf unserer Website verarbeiten und welche Rechte Sie in diesem Zusammenhang haben. Der Schutz Ihrer pers\u00f6nlichen Daten ist uns ein wichtiges Anliegen und wir verarbeiten Ihre Daten nur gem\u00e4ss den gesetzlichen Bestimmungen. Kontakt Verantwortlich f\u00fcr die Datenverarbeitung auf unserer Website: Notariat Wolhauser Place de [&hellip;]<\/p>\n","protected":false},"author":1,"featured_media":0,"parent":0,"menu_order":0,"comment_status":"closed","ping_status":"closed","template":"","meta":{"footnotes":""},"class_list":["post-664","page","type-page","status-publish","hentry"],"_links":{"self":[{"href":"https:\/\/notariat-wolhauser.ch\/fr\/wp-json\/wp\/v2\/pages\/664","targetHints":{"allow":["GET"]}}],"collection":[{"href":"https:\/\/notariat-wolhauser.ch\/fr\/wp-json\/wp\/v2\/pages"}],"about":[{"href":"https:\/\/notariat-wolhauser.ch\/fr\/wp-json\/wp\/v2\/types\/page"}],"author":[{"embeddable":true,"href":"https:\/\/notariat-wolhauser.ch\/fr\/wp-json\/wp\/v2\/users\/1"}],"replies":[{"embeddable":true,"href":"https:\/\/notariat-wolhauser.ch\/fr\/wp-json\/wp\/v2\/comments?post=664"}],"version-history":[{"count":2,"href":"https:\/\/notariat-wolhauser.ch\/fr\/wp-json\/wp\/v2\/pages\/664\/revisions"}],"predecessor-version":[{"id":876,"href":"https:\/\/notariat-wolhauser.ch\/fr\/wp-json\/wp\/v2\/pages\/664\/revisions\/876"}],"wp:attachment":[{"href":"https:\/\/notariat-wolhauser.ch\/fr\/wp-json\/wp\/v2\/media?parent=664"}],"curies":[{"name":"wp","href":"https:\/\/api.w.org\/{rel}","templated":true}]}}